{"id":519,"date":"2021-07-15T13:12:49","date_gmt":"2021-07-15T13:12:49","guid":{"rendered":"https:\/\/relaunch.linofant.de\/?page_id=519"},"modified":"2026-02-03T18:03:09","modified_gmt":"2026-02-03T18:03:09","slug":"impressum","status":"publish","type":"page","link":"https:\/\/www.linofant.de\/index.php\/impressum\/","title":{"rendered":"Impressum"},"content":{"rendered":"<p>linofant GmbH<\/p>\n<p>Gesch\u00e4ftsf\u00fchrerin Dipl. Betriebswirtin (FH) Sylvia Vogel-Weber<\/p>\n<p>Sachsenhausen 17 a<br \/>\n36124 Eichenzell<\/p>\n<p>Tel.: 06659-98651-0<br \/>\nFax: 06659-98651-19<\/p>\n<p>UStId Nr.: DE 251523527<br \/>\nSteuernummer: 1822364718<br \/>\nHandelregister Amtsgericht Fulda HRB 5178<br \/>\nWEEE Reg.Nr.: DE 20447316<\/p>\n<h4><\/h4>\n<h4>Haftungsausschlussklausel<\/h4>\n<p>Mit Urteil vom 12. Mai 1998 (Az. 312 O 85\/98 &#8211; &#8222;Haftung f\u00fcr Links&#8220;) hat das Landgericht Hamburg entschieden, dass man durch die Ausbringung eines Links die Inhalte der gelinkten Seite zu verantworten hat, wenn man von den Inhalten Kenntnis hat und es technisch m\u00f6glich und zumutbar w\u00e4re, die Nutzung im Falle rechtswidriger Inhalte zu verhindern. Dies kann &#8211; so das Landgericht &#8211; nur dadurch verhindert werden, dass man sich ausdr\u00fccklich von diesen Inhalten distanziert. Die Linofant GmbH, erkl\u00e4rt daher ausdr\u00fccklich, dass zum Zeitpunkt der Linksetzung die entsprechenden verlinkten Seiten frei von illegalen Inhalten waren. Die Linofant GmbH hat keinerlei Einfluss auf die aktuelle und zuk\u00fcnftige Gestaltung und auf die Inhalte der gelinkten\/verkn\u00fcpften Seiten. Deshalb distanziert sich die Linofant GmbH hiermit ausdr\u00fccklich von allen Inhalten aller gelinkten\/verkn\u00fcpften Seiten, die nach der Linksetzung ver\u00e4ndert wurden. Diese Feststellung gilt f\u00fcr alle innerhalb des eigenen Internetangebotes gesetzten Links und Verweise sowie f\u00fcr Fremdeintr\u00e4ge in von dem der Linofant GmbH eingerichteten G\u00e4steb\u00fcchern, Diskussionsforen und Mailinglisten. F\u00fcr illegale, fehlerhafte oder unvollst\u00e4ndige Inhalte und insbesondere f\u00fcr Sch\u00e4den, die aus der Nutzung oder Nichtnutzung solcherart dargebotener Informationen entstehen, haftet allein der Anbieter der Seite, auf welche verwiesen wurde, nicht die Linofant GmbH als derjenige, der \u00fcber Links auf die jeweilige Ver\u00f6ffentlichung lediglich verweist.<\/p>\n<h4>Online-Streitbeilegung \/ Alternative Streitbeilegung<\/h4>\n<p>Die Europ\u00e4ische Kommission stellt nach der Verordnung (EU) Nr. 524\/2013 \u00fcber eine interaktive Website, auf die in allen Amtssprachen der Organe der Europ\u00e4ischen Union elektronisch zugegriffen werden kann, eine Europ\u00e4ische Plattform zur Beilegung von Streitigkeiten zwischen in der Europ\u00e4ischen Union wohnhaften Verbrauchern und in der Europ\u00e4ischen Union niedergelassenen Unternehmern zur Verf\u00fcgung, die sich aus dem Online-Verkauf von Waren oder der Online-Erbringung von Dienstleistungen ergeben (sog. <a href=\"http:\/\/ec.europa.eu\/odr\">OS-Plattform<\/a>. \/ URL: http:\/\/ec.europa.eu\/odr)<\/p>\n<p>Um eine Beschwerde auf dieser sog. <a href=\"http:\/\/ec.europa.eu\/odr\">OS-Plattform<\/a> einzureichen, haben Verbraucher ein elektronisches Beschwerdeformular auszuf\u00fcllen. Die einzelnen Informationen, die beim Einreichen einer Beschwerde obligatorisch anzugeben sind, werden im Anhang der Verordnung (EU) Nr. 524\/2013 aufgef\u00fchrt.<\/p>\n","protected":false},"excerpt":{"rendered":"<p>linofant GmbH Gesch\u00e4ftsf\u00fchrerin Dipl. Betriebswirtin (FH) Sylvia Vogel-Weber Sachsenhausen 17 a 36124 Eichenzell Tel.: 06659-98651-0 Fax: 06659-98651-19 UStId Nr.: DE 251523527 Steuernummer: 1822364718 Handelregister Amtsgericht Fulda HRB 5178 WEEE Reg.Nr.: DE 20447316 Haftungsausschlussklausel Mit Urteil vom 12. Mai 1998 (Az. 312 O 85\/98 &#8211; &#8222;Haftung f\u00fcr Links&#8220;) hat das Landgericht Hamburg entschieden, dass man durch [&hellip;]<\/p>\n","protected":false},"author":1,"featured_media":0,"parent":0,"menu_order":0,"comment_status":"closed","ping_status":"closed","template":"","meta":{"ocean_post_layout":"left-sidebar","ocean_both_sidebars_style":"","ocean_both_sidebars_content_width":0,"ocean_both_sidebars_sidebars_width":0,"ocean_sidebar":"footer-two","ocean_second_sidebar":"0","ocean_disable_margins":"enable","ocean_add_body_class":"","ocean_shortcode_before_top_bar":"","ocean_shortcode_after_top_bar":"","ocean_shortcode_before_header":"","ocean_shortcode_after_header":"","ocean_has_shortcode":"","ocean_shortcode_after_title":"","ocean_shortcode_before_footer_widgets":"","ocean_shortcode_after_footer_widgets":"","ocean_shortcode_before_footer_bottom":"","ocean_shortcode_after_footer_bottom":"","ocean_display_top_bar":"on","ocean_display_header":"on","ocean_header_style":"","ocean_center_header_left_menu":"0","ocean_custom_header_template":"0","ocean_custom_logo":0,"ocean_custom_retina_logo":0,"ocean_custom_logo_max_width":0,"ocean_custom_logo_tablet_max_width":0,"ocean_custom_logo_mobile_max_width":0,"ocean_custom_logo_max_height":0,"ocean_custom_logo_tablet_max_height":0,"ocean_custom_logo_mobile_max_height":0,"ocean_header_custom_menu":"2","ocean_menu_typo_font_family":"Arial, Helvetica, sans-serif","ocean_menu_typo_font_subset":"","ocean_menu_typo_font_size":0,"ocean_menu_typo_font_size_tablet":0,"ocean_menu_typo_font_size_mobile":0,"ocean_menu_typo_font_size_unit":"px","ocean_menu_typo_font_weight":"","ocean_menu_typo_font_weight_tablet":"","ocean_menu_typo_font_weight_mobile":"","ocean_menu_typo_transform":"","ocean_menu_typo_transform_tablet":"","ocean_menu_typo_transform_mobile":"","ocean_menu_typo_line_height":0,"ocean_menu_typo_line_height_tablet":0,"ocean_menu_typo_line_height_mobile":0,"ocean_menu_typo_line_height_unit":"","ocean_menu_typo_spacing":0,"ocean_menu_typo_spacing_tablet":0,"ocean_menu_typo_spacing_mobile":0,"ocean_menu_typo_spacing_unit":"","ocean_menu_link_color":"#e91e63","ocean_menu_link_color_hover":"#03a9f4","ocean_menu_link_color_active":"","ocean_menu_link_background":"","ocean_menu_link_hover_background":"","ocean_menu_link_active_background":"","ocean_menu_social_links_bg":"","ocean_menu_social_hover_links_bg":"","ocean_menu_social_links_color":"","ocean_menu_social_hover_links_color":"","ocean_disable_title":"enable","ocean_disable_heading":"enable","ocean_post_title":"","ocean_post_subheading":"","ocean_post_title_style":"","ocean_post_title_background_color":"","ocean_post_title_background":0,"ocean_post_title_bg_image_position":"","ocean_post_title_bg_image_attachment":"","ocean_post_title_bg_image_repeat":"","ocean_post_title_bg_image_size":"","ocean_post_title_height":0,"ocean_post_title_bg_overlay":0.5,"ocean_post_title_bg_overlay_color":"","ocean_disable_breadcrumbs":"off","ocean_breadcrumbs_color":"","ocean_breadcrumbs_separator_color":"","ocean_breadcrumbs_links_color":"","ocean_breadcrumbs_links_hover_color":"","ocean_display_footer_widgets":"default","ocean_display_footer_bottom":"default","ocean_custom_footer_template":"0","footnotes":""},"class_list":["post-519","page","type-page","status-publish","hentry","entry"],"_links":{"self":[{"href":"https:\/\/www.linofant.de\/index.php\/wp-json\/wp\/v2\/pages\/519","targetHints":{"allow":["GET"]}}],"collection":[{"href":"https:\/\/www.linofant.de\/index.php\/wp-json\/wp\/v2\/pages"}],"about":[{"href":"https:\/\/www.linofant.de\/index.php\/wp-json\/wp\/v2\/types\/page"}],"author":[{"embeddable":true,"href":"https:\/\/www.linofant.de\/index.php\/wp-json\/wp\/v2\/users\/1"}],"replies":[{"embeddable":true,"href":"https:\/\/www.linofant.de\/index.php\/wp-json\/wp\/v2\/comments?post=519"}],"version-history":[{"count":10,"href":"https:\/\/www.linofant.de\/index.php\/wp-json\/wp\/v2\/pages\/519\/revisions"}],"predecessor-version":[{"id":917,"href":"https:\/\/www.linofant.de\/index.php\/wp-json\/wp\/v2\/pages\/519\/revisions\/917"}],"wp:attachment":[{"href":"https:\/\/www.linofant.de\/index.php\/wp-json\/wp\/v2\/media?parent=519"}],"curies":[{"name":"wp","href":"https:\/\/api.w.org\/{rel}","templated":true}]}}